{"id":836,"date":"2023-11-16T20:23:07","date_gmt":"2023-11-16T19:23:07","guid":{"rendered":"https:\/\/neumanns.es\/cooked-meats\/"},"modified":"2024-09-15T19:49:19","modified_gmt":"2024-09-15T17:49:19","slug":"german-sausages","status":"publish","type":"page","link":"https:\/\/neumanns.es\/en\/products\/german-sausages\/","title":{"rendered":"German sausages"},"content":{"rendered":"\t\t<div data-elementor-type=\"wp-page\" data-elementor-id=\"836\" class=\"elementor elementor-836 elementor-367\" data-elementor-post-type=\"page\">\n\t\t\t\t\t\t<section class=\"elementor-section elementor-top-section elementor-element elementor-element-7d1a6850 elementor-section-height-min-height elementor-section-boxed elementor-section-height-default elementor-section-items-middle\" data-id=\"7d1a6850\" data-element_type=\"section\" data-e-type=\"section\" data-settings=\"{&quot;background_background&quot;:&quot;classic&quot;}\">\n\t\t\t\t\t\t\t<div class=\"elementor-background-overlay\"><\/div>\n\t\t\t\t\t\t\t<div class=\"elementor-container elementor-column-gap-default\">\n\t\t\t\t\t<div class=\"elementor-column elementor-col-100 elementor-top-column elementor-element elementor-element-1e51ec4c\" data-id=\"1e51ec4c\" data-element_type=\"column\" data-e-type=\"column\">\n\t\t\t<div class=\"elementor-widget-wrap elementor-element-populated\">\n\t\t\t\t\t\t<div class=\"elementor-element elementor-element-57f62b6 elementor-widget elementor-widget-heading\" data-id=\"57f62b6\" data-element_type=\"widget\" data-e-type=\"widget\" data-widget_type=\"heading.default\">\n\t\t\t\t<div class=\"elementor-widget-container\">\n\t\t\t\t\t<h2 class=\"elementor-heading-title elementor-size-default\">German sausages<\/h2>\t\t\t\t<\/div>\n\t\t\t\t<\/div>\n\t\t\t\t\t<\/div>\n\t\t<\/div>\n\t\t\t\t\t<\/div>\n\t\t<\/section>\n\t\t\t\t<section class=\"elementor-section elementor-top-section elementor-element elementor-element-d4e0f20 elementor-section-boxed elementor-section-height-default elementor-section-height-default\" data-id=\"d4e0f20\" data-element_type=\"section\" data-e-type=\"section\">\n\t\t\t\t\t\t<div class=\"elementor-container elementor-column-gap-default\">\n\t\t\t\t\t<div class=\"elementor-column elementor-col-50 elementor-top-column elementor-element elementor-element-9f93cdb\" data-id=\"9f93cdb\" data-element_type=\"column\" data-e-type=\"column\">\n\t\t\t<div class=\"elementor-widget-wrap elementor-element-populated\">\n\t\t\t\t\t\t<div class=\"elementor-element elementor-element-6f673fa2 elementor-widget elementor-widget-heading\" data-id=\"6f673fa2\" data-element_type=\"widget\" data-e-type=\"widget\" data-widget_type=\"heading.default\">\n\t\t\t\t<div class=\"elementor-widget-container\">\n\t\t\t\t\t<h3 class=\"elementor-heading-title elementor-size-default\">German charcuterie and homemade ready meals<\/h3>\t\t\t\t<\/div>\n\t\t\t\t<\/div>\n\t\t\t\t<div class=\"elementor-element elementor-element-13c50e36 elementor-icon-list--layout-inline elementor-list-item-link-full_width elementor-widget elementor-widget-icon-list\" data-id=\"13c50e36\" data-element_type=\"widget\" data-e-type=\"widget\" data-widget_type=\"icon-list.default\">\n\t\t\t\t<div class=\"elementor-widget-container\">\n\t\t\t\t\t\t\t<ul class=\"elementor-icon-list-items elementor-inline-items\">\n\t\t\t\t\t\t\t<li class=\"elementor-icon-list-item elementor-inline-item\">\n\t\t\t\t\t\t\t\t\t\t\t<a href=\"https:\/\/neumanns.es\/produkte\/\">\n\n\t\t\t\t\t\t\t\t\t\t\t\t<span class=\"elementor-icon-list-icon\">\n\t\t\t\t\t\t\t<i aria-hidden=\"true\" class=\"icon icon-folder\"><\/i>\t\t\t\t\t\t<\/span>\n\t\t\t\t\t\t\t\t\t\t<span class=\"elementor-icon-list-text\">Products<\/span>\n\t\t\t\t\t\t\t\t\t\t\t<\/a>\n\t\t\t\t\t\t\t\t\t<\/li>\n\t\t\t\t\t\t<\/ul>\n\t\t\t\t\t\t<\/div>\n\t\t\t\t<\/div>\n\t\t\t\t<div class=\"elementor-element elementor-element-613db5ac elementor-widget elementor-widget-text-editor\" data-id=\"613db5ac\" data-element_type=\"widget\" data-e-type=\"widget\" data-widget_type=\"text-editor.default\">\n\t\t\t\t<div class=\"elementor-widget-container\">\n\t\t\t\t\t\t\t\t\t<p>Neumanns&#8217; delicatessen offers a wide variety of German sausages and German homemade ready meals. We source our products from the ELITE butcher in Casabermeja and the Bavarian butcher Vinzenzmurr.<\/p><p>Our products meet the highest standards of freshness and quality, and their flavour is truly excellent.<\/p>\t\t\t\t\t\t\t\t<\/div>\n\t\t\t\t<\/div>\n\t\t\t\t<div class=\"elementor-element elementor-element-c0ac39c elementor-widget elementor-widget-heading\" data-id=\"c0ac39c\" data-element_type=\"widget\" data-e-type=\"widget\" data-widget_type=\"heading.default\">\n\t\t\t\t<div class=\"elementor-widget-container\">\n\t\t\t\t\t<h5 class=\"elementor-heading-title elementor-size-default\">The gourmet range at Neumann's deli counter includes:<\/h5>\t\t\t\t<\/div>\n\t\t\t\t<\/div>\n\t\t\t\t<div class=\"elementor-element elementor-element-fb3f89a elementor-widget-divider--view-line elementor-widget elementor-widget-divider\" data-id=\"fb3f89a\" data-element_type=\"widget\" data-e-type=\"widget\" data-widget_type=\"divider.default\">\n\t\t\t\t<div class=\"elementor-widget-container\">\n\t\t\t\t\t\t\t<div class=\"elementor-divider\">\n\t\t\t<span class=\"elementor-divider-separator\">\n\t\t\t\t\t\t<\/span>\n\t\t<\/div>\n\t\t\t\t\t\t<\/div>\n\t\t\t\t<\/div>\n\t\t\t\t<div class=\"elementor-element elementor-element-5276964 elementor-widget elementor-widget-heading\" data-id=\"5276964\" data-element_type=\"widget\" data-e-type=\"widget\" data-widget_type=\"heading.default\">\n\t\t\t\t<div class=\"elementor-widget-container\">\n\t\t\t\t\t<h6 class=\"elementor-heading-title elementor-size-default\">From ELITE butcher in Casabermeja:<\/h6>\t\t\t\t<\/div>\n\t\t\t\t<\/div>\n\t\t\t\t<div class=\"elementor-element elementor-element-34a5de3e check-style elementor-widget elementor-widget-text-editor\" data-id=\"34a5de3e\" data-element_type=\"widget\" data-e-type=\"widget\" data-widget_type=\"text-editor.default\">\n\t\t\t\t<div class=\"elementor-widget-container\">\n\t\t\t\t\t\t\t\t\t<ul class=\"check-style\"><li>Pf\u00e4lzer liver sausage<\/li><li>Pf\u00e4lzer blood sausage<\/li><li>Black pudding<\/li><li>Lyoner sausage<\/li><li>Bierschinken sausage<\/li><li>Brawn<\/li><li>Krakow sausage<\/li><li>Fleischwurst sausage<\/li><li>Mettenden sausage<\/li><li>Cabanos sausage<\/li><li>Pepper sausage<\/li><li>Onion sausage<\/li><li>Liver p\u00e2t\u00e9 with or without Jalape\u00f1os<\/li><li>Bratwurst sausage<\/li><li>Th\u00fcringer Bratwurst sausage<\/li><li>Fresh Bratwurst sausages<\/li><li>Beef sausages<\/li><li>Smoked pork loin<\/li><li>Smoked turkey breast<\/li><li>&#8220;Schwartenmagen&#8221;<\/li><\/ul>\t\t\t\t\t\t\t\t<\/div>\n\t\t\t\t<\/div>\n\t\t\t\t<div class=\"elementor-element elementor-element-5b028ef elementor-widget-divider--view-line elementor-widget elementor-widget-divider\" data-id=\"5b028ef\" data-element_type=\"widget\" data-e-type=\"widget\" data-widget_type=\"divider.default\">\n\t\t\t\t<div class=\"elementor-widget-container\">\n\t\t\t\t\t\t\t<div class=\"elementor-divider\">\n\t\t\t<span class=\"elementor-divider-separator\">\n\t\t\t\t\t\t<\/span>\n\t\t<\/div>\n\t\t\t\t\t\t<\/div>\n\t\t\t\t<\/div>\n\t\t\t\t<div class=\"elementor-element elementor-element-736adea elementor-widget elementor-widget-heading\" data-id=\"736adea\" data-element_type=\"widget\" data-e-type=\"widget\" data-widget_type=\"heading.default\">\n\t\t\t\t<div class=\"elementor-widget-container\">\n\t\t\t\t\t<h6 class=\"elementor-heading-title elementor-size-default\">From Vinzenzmurr in Munich:<\/h6>\t\t\t\t<\/div>\n\t\t\t\t<\/div>\n\t\t\t\t<div class=\"elementor-element elementor-element-bc05b22 check-style elementor-widget elementor-widget-text-editor\" data-id=\"bc05b22\" data-element_type=\"widget\" data-e-type=\"widget\" data-widget_type=\"text-editor.default\">\n\t\t\t\t<div class=\"elementor-widget-container\">\n\t\t\t\t\t\t\t\t\t<ul class=\"check-style\"><li>Wei\u00dfwurst sausage<\/li><li>Viennese sausage<\/li><li>Cured ham with juniper berries<\/li><li>Gelbwurst sausage<\/li><li>Veal salami<\/li><li>Tyrolean cooked salami<\/li><li>Hungarian salami<\/li><li>Pepper salami<\/li><li>Veal liver sausage<\/li><li>Krainer sausage stuffed with cheese<\/li><li>Landj\u00e4ger sausage<\/li><li>Organic cheese &#8220;Andechser&#8221;<\/li><\/ul>\t\t\t\t\t\t\t\t<\/div>\n\t\t\t\t<\/div>\n\t\t\t\t<div class=\"elementor-element elementor-element-39db659 check-style elementor-widget elementor-widget-text-editor\" data-id=\"39db659\" data-element_type=\"widget\" data-e-type=\"widget\" data-widget_type=\"text-editor.default\">\n\t\t\t\t<div class=\"elementor-widget-container\">\n\t\t\t\t\t\t\t\t\t<ul class=\"check-style\"><li>Veal rolls in gravy<\/li><li>Goulash<\/li><li>Sour roast with gravy<\/li><\/ul>\t\t\t\t\t\t\t\t<\/div>\n\t\t\t\t<\/div>\n\t\t\t\t<div class=\"elementor-element elementor-element-d541de5 elementor-widget-divider--view-line elementor-widget elementor-widget-divider\" data-id=\"d541de5\" data-element_type=\"widget\" data-e-type=\"widget\" data-widget_type=\"divider.default\">\n\t\t\t\t<div class=\"elementor-widget-container\">\n\t\t\t\t\t\t\t<div class=\"elementor-divider\">\n\t\t\t<span class=\"elementor-divider-separator\">\n\t\t\t\t\t\t<\/span>\n\t\t<\/div>\n\t\t\t\t\t\t<\/div>\n\t\t\t\t<\/div>\n\t\t\t\t<div class=\"elementor-element elementor-element-010dd07 elementor-icon-list--layout-traditional elementor-list-item-link-full_width elementor-widget elementor-widget-icon-list\" data-id=\"010dd07\" data-element_type=\"widget\" data-e-type=\"widget\" data-widget_type=\"icon-list.default\">\n\t\t\t\t<div class=\"elementor-widget-container\">\n\t\t\t\t\t\t\t<ul class=\"elementor-icon-list-items\">\n\t\t\t\t\t\t\t<li class=\"elementor-icon-list-item\">\n\t\t\t\t\t\t\t\t\t\t\t<a href=\"tel:+34699120455\" target=\"_blank\">\n\n\t\t\t\t\t\t\t\t\t\t\t\t<span class=\"elementor-icon-list-icon\">\n\t\t\t\t\t\t\t<i aria-hidden=\"true\" class=\"icon icon-buying-on-smartphone\"><\/i>\t\t\t\t\t\t<\/span>\n\t\t\t\t\t\t\t\t\t\t<span class=\"elementor-icon-list-text\">The availability of the listed products is subject to delivery. For detailed information, please call <br>+34 699 120 455<\/span>\n\t\t\t\t\t\t\t\t\t\t\t<\/a>\n\t\t\t\t\t\t\t\t\t<\/li>\n\t\t\t\t\t\t<\/ul>\n\t\t\t\t\t\t<\/div>\n\t\t\t\t<\/div>\n\t\t\t\t\t<\/div>\n\t\t<\/div>\n\t\t\t\t<div class=\"elementor-column elementor-col-50 elementor-top-column elementor-element elementor-element-7530f36e\" data-id=\"7530f36e\" data-element_type=\"column\" data-e-type=\"column\">\n\t\t\t<div class=\"elementor-widget-wrap\">\n\t\t\t\t\t\t\t<\/div>\n\t\t<\/div>\n\t\t\t\t\t<\/div>\n\t\t<\/section>\n\t\t\t\t<\/div>\n\t\t","protected":false},"excerpt":{"rendered":"<p>German charcuterie and homemade ready meals Products Neumanns&#8217; delicatessen offers a wide variety of German sausages and German homemade ready meals. We source our products from the ELITE butcher in Casabermeja and the Bavarian butcher Vinzenzmurr. Our products meet the highest standards of freshness and quality, and their flavour is truly excellent. The gourmet range [&hellip;]<\/p>\n","protected":false},"author":1,"featured_media":837,"parent":860,"menu_order":0,"comment_status":"closed","ping_status":"closed","template":"","meta":{"footnotes":""},"class_list":["post-836","page","type-page","status-publish","has-post-thumbnail","hentry"],"_links":{"self":[{"href":"https:\/\/neumanns.es\/en\/wp-json\/wp\/v2\/pages\/836","targetHints":{"allow":["GET"]}}],"collection":[{"href":"https:\/\/neumanns.es\/en\/wp-json\/wp\/v2\/pages"}],"about":[{"href":"https:\/\/neumanns.es\/en\/wp-json\/wp\/v2\/types\/page"}],"author":[{"embeddable":true,"href":"https:\/\/neumanns.es\/en\/wp-json\/wp\/v2\/users\/1"}],"replies":[{"embeddable":true,"href":"https:\/\/neumanns.es\/en\/wp-json\/wp\/v2\/comments?post=836"}],"version-history":[{"count":17,"href":"https:\/\/neumanns.es\/en\/wp-json\/wp\/v2\/pages\/836\/revisions"}],"predecessor-version":[{"id":1283,"href":"https:\/\/neumanns.es\/en\/wp-json\/wp\/v2\/pages\/836\/revisions\/1283"}],"up":[{"embeddable":true,"href":"https:\/\/neumanns.es\/en\/wp-json\/wp\/v2\/pages\/860"}],"wp:featuredmedia":[{"embeddable":true,"href":"https:\/\/neumanns.es\/en\/wp-json\/wp\/v2\/media\/837"}],"wp:attachment":[{"href":"https:\/\/neumanns.es\/en\/wp-json\/wp\/v2\/media?parent=836"}],"curies":[{"name":"wp","href":"https:\/\/api.w.org\/{rel}","templated":true}]}}