{"id":614,"date":"2023-10-07T16:10:33","date_gmt":"2023-10-07T14:10:33","guid":{"rendered":"https:\/\/neumanns.es\/sobre-nosotros\/"},"modified":"2024-09-24T20:15:09","modified_gmt":"2024-09-24T18:15:09","slug":"sobre-nosotros","status":"publish","type":"page","link":"https:\/\/neumanns.es\/es\/sobre-nosotros\/","title":{"rendered":"Sobre nosotros"},"content":{"rendered":"\t\t<div data-elementor-type=\"wp-page\" data-elementor-id=\"614\" class=\"elementor elementor-614 elementor-121\" data-elementor-post-type=\"page\">\n\t\t\t\t\t\t<section class=\"elementor-section elementor-top-section elementor-element elementor-element-edc958b elementor-section-height-min-height elementor-section-boxed elementor-section-height-default elementor-section-items-middle\" data-id=\"edc958b\" data-element_type=\"section\" data-e-type=\"section\" data-settings=\"{&quot;background_background&quot;:&quot;classic&quot;}\">\n\t\t\t\t\t\t\t<div class=\"elementor-background-overlay\"><\/div>\n\t\t\t\t\t\t\t<div class=\"elementor-container elementor-column-gap-default\">\n\t\t\t\t\t<div class=\"elementor-column elementor-col-100 elementor-top-column elementor-element elementor-element-a7719a6\" data-id=\"a7719a6\" data-element_type=\"column\" data-e-type=\"column\">\n\t\t\t<div class=\"elementor-widget-wrap elementor-element-populated\">\n\t\t\t\t\t\t<div class=\"elementor-element elementor-element-69cc7c4 elementor-widget elementor-widget-heading\" data-id=\"69cc7c4\" data-element_type=\"widget\" data-e-type=\"widget\" data-widget_type=\"heading.default\">\n\t\t\t\t<div class=\"elementor-widget-container\">\n\t\t\t\t\t<h2 class=\"elementor-heading-title elementor-size-default\">Sobre nosotros<\/h2>\t\t\t\t<\/div>\n\t\t\t\t<\/div>\n\t\t\t\t\t<\/div>\n\t\t<\/div>\n\t\t\t\t\t<\/div>\n\t\t<\/section>\n\t\t\t\t<section class=\"elementor-section elementor-top-section elementor-element elementor-element-36e11a4 elementor-section-boxed elementor-section-height-default elementor-section-height-default\" data-id=\"36e11a4\" data-element_type=\"section\" data-e-type=\"section\">\n\t\t\t\t\t\t<div class=\"elementor-container elementor-column-gap-default\">\n\t\t\t\t\t<div class=\"elementor-column elementor-col-100 elementor-top-column elementor-element elementor-element-000d873\" data-id=\"000d873\" data-element_type=\"column\" data-e-type=\"column\">\n\t\t\t<div class=\"elementor-widget-wrap elementor-element-populated\">\n\t\t\t\t\t\t<section class=\"elementor-section elementor-inner-section elementor-element elementor-element-f977412 elementor-section-boxed elementor-section-height-default elementor-section-height-default\" data-id=\"f977412\" data-element_type=\"section\" data-e-type=\"section\">\n\t\t\t\t\t\t<div class=\"elementor-container elementor-column-gap-wider\">\n\t\t\t\t\t<div class=\"elementor-column elementor-col-50 elementor-inner-column elementor-element elementor-element-32da034\" data-id=\"32da034\" data-element_type=\"column\" data-e-type=\"column\">\n\t\t\t<div class=\"elementor-widget-wrap elementor-element-populated\">\n\t\t\t\t\t\t<div class=\"elementor-element elementor-element-a559641 elementor-widget elementor-widget-heading\" data-id=\"a559641\" data-element_type=\"widget\" data-e-type=\"widget\" data-widget_type=\"heading.default\">\n\t\t\t\t<div class=\"elementor-widget-container\">\n\t\t\t\t\t<h2 class=\"elementor-heading-title elementor-size-default\">SOBRE NOSOTROS<\/h2>\t\t\t\t<\/div>\n\t\t\t\t<\/div>\n\t\t\t\t<div class=\"elementor-element elementor-element-0132da6 animated-slow elementor-invisible elementor-widget elementor-widget-heading\" data-id=\"0132da6\" data-element_type=\"widget\" data-e-type=\"widget\" data-settings=\"{&quot;_animation&quot;:&quot;fadeInUp&quot;}\" data-widget_type=\"heading.default\">\n\t\t\t\t<div class=\"elementor-widget-container\">\n\t\t\t\t\t<h3 class=\"elementor-heading-title elementor-size-default\">Silke y Danny Neumann<\/h3>\t\t\t\t<\/div>\n\t\t\t\t<\/div>\n\t\t\t\t<div class=\"elementor-element elementor-element-4f70809 elementor-widget-divider--view-line elementor-widget elementor-widget-divider\" data-id=\"4f70809\" data-element_type=\"widget\" data-e-type=\"widget\" data-widget_type=\"divider.default\">\n\t\t\t\t<div class=\"elementor-widget-container\">\n\t\t\t\t\t\t\t<div class=\"elementor-divider\">\n\t\t\t<span class=\"elementor-divider-separator\">\n\t\t\t\t\t\t<\/span>\n\t\t<\/div>\n\t\t\t\t\t\t<\/div>\n\t\t\t\t<\/div>\n\t\t\t\t<div class=\"elementor-element elementor-element-d39f2de elementor-widget elementor-widget-text-editor\" data-id=\"d39f2de\" data-element_type=\"widget\" data-e-type=\"widget\" data-widget_type=\"text-editor.default\">\n\t\t\t\t<div class=\"elementor-widget-container\">\n\t\t\t\t\t\t\t\t\t<p>Silke y Danny Neumann son los propietarios de la tienda delicatessen Neumann&#8217;s Pescado Alem\u00e1n y Especialidades en Calahonda. Ambos cuentan con a\u00f1os de experiencia en la hosteler\u00eda tanto a nivel nacional como internacional.<\/p><p><span style=\"background-color: var( --e-global-color-secondary ); color: var( --e-global-color-text ); font-family: var( --e-global-typography-text-font-family ), Sans-serif; font-size: var( --e-global-typography-text-font-size ); font-weight: var( --e-global-typography-text-font-weight );\">Los Neumann ponen un \u00e9nfasis especial en la frescura y la calidad, derivados de la pasi\u00f3n por deleitar a las personas con exquisiteces que son dif\u00edciles de encontrar en Espa\u00f1a.<\/span><\/p><p>\u00a0<\/p>\t\t\t\t\t\t\t\t<\/div>\n\t\t\t\t<\/div>\n\t\t\t\t\t<\/div>\n\t\t<\/div>\n\t\t\t\t<div class=\"elementor-column elementor-col-50 elementor-inner-column elementor-element elementor-element-f6eff73 animated-slow elementor-invisible\" data-id=\"f6eff73\" data-element_type=\"column\" data-e-type=\"column\" data-settings=\"{&quot;animation&quot;:&quot;fadeInLeft&quot;}\">\n\t\t\t<div class=\"elementor-widget-wrap elementor-element-populated\">\n\t\t\t\t\t\t<div class=\"elementor-element elementor-element-22bef8d elementor-widget elementor-widget-image\" data-id=\"22bef8d\" data-element_type=\"widget\" data-e-type=\"widget\" data-widget_type=\"image.default\">\n\t\t\t\t<div class=\"elementor-widget-container\">\n\t\t\t\t\t\t\t\t\t\t\t\t\t\t\t<img fetchpriority=\"high\" decoding=\"async\" width=\"1052\" height=\"1197\" src=\"https:\/\/neumanns.es\/wp-content\/uploads\/neumanns-uber-uns.webp\" class=\"attachment-full size-full wp-image-1349\" alt=\"\" srcset=\"https:\/\/neumanns.es\/wp-content\/uploads\/neumanns-uber-uns.webp 1052w, https:\/\/neumanns.es\/wp-content\/uploads\/neumanns-uber-uns-768x874.webp 768w\" sizes=\"(max-width: 1052px) 100vw, 1052px\" \/>\t\t\t\t\t\t\t\t\t\t\t\t\t\t\t<\/div>\n\t\t\t\t<\/div>\n\t\t\t\t\t<\/div>\n\t\t<\/div>\n\t\t\t\t\t<\/div>\n\t\t<\/section>\n\t\t\t\t<section class=\"elementor-section elementor-inner-section elementor-element elementor-element-449694b elementor-section-boxed elementor-section-height-default elementor-section-height-default\" data-id=\"449694b\" data-element_type=\"section\" data-e-type=\"section\">\n\t\t\t\t\t\t<div class=\"elementor-container elementor-column-gap-default\">\n\t\t\t\t\t<div class=\"elementor-column elementor-col-100 elementor-inner-column elementor-element elementor-element-d2a849a\" data-id=\"d2a849a\" data-element_type=\"column\" data-e-type=\"column\">\n\t\t\t<div class=\"elementor-widget-wrap elementor-element-populated\">\n\t\t\t\t\t\t<div class=\"elementor-element elementor-element-ae6a396 elementor-widget elementor-widget-text-editor\" data-id=\"ae6a396\" data-element_type=\"widget\" data-e-type=\"widget\" data-widget_type=\"text-editor.default\">\n\t\t\t\t<div class=\"elementor-widget-container\">\n\t\t\t\t\t\t\t\t\t<p><span style=\"background-color: var( --e-global-color-secondary ); color: var( --e-global-color-text ); font-family: var( --e-global-typography-text-font-family ), Sans-serif; font-size: var( --e-global-typography-text-font-size ); font-weight: var( --e-global-typography-text-font-weight );\">Danny Neumann es uno de los gastr\u00f3nomos m\u00e1s conocidos en la Costa del Sol. Nativo de Offenbach, estuvo activo en la costa durante casi 15 a\u00f1os antes de su despedida transitoria en 2015. Su esposa, Silke, originaria de R\u00f6dermark (Estado de Hesse, Alemania), conoci\u00f3 a Danny en Marbella.<\/span><\/p><p>Despu\u00e9s de una par\u00e9ntesis de seis a\u00f1os y medio, durante la cual dirigieron el pintoresco Biergarten \u00abZur Waldsch\u00e4nke\u00bb en la ciudad natal de Silke, regresaron a la Costa del Sol en el verano de 2022.<\/p><p>All\u00ed, inicialmente, abrieron un puesto en el Mercado Municipal de Marbella. Bajo el nombre de Neumann&#8217;s Deutsche Fischfeinkost Marbella, Silke y Danny vendieron selectas especialidades de pescado del norte de Alemania. Sin embargo, a medida que la demanda de m\u00e1s especialidades alemanas crec\u00eda, el puesto en el mercado de Marbella se qued\u00f3 r\u00e1pidamente peque\u00f1o.<\/p><p>En consecuencia, despu\u00e9s de un exitoso a\u00f1o en Marbella, el matrimonio Neumann decidi\u00f3 alquilar un local m\u00e1s grande. <em>Neumann&#8217;s Deutsche Fischfeinkost und Spezialit\u00e4ten<\/em> ahora se encuentra en Calahonda, en la urbanizaci\u00f3n Calypso, en el Centro Comercial Valdepinos, justo en la A7 (km 1027). Hay suficientes plazas de aparcamiento gratuitas disponibles.<\/p><p>En la tienda, adem\u00e1s de pescado ahumado y delicatessen de pescado, Silke y Danny ahora ofrecen embutidos alemanes, carne ecol\u00f3gica, productos de panader\u00eda y pasteler\u00eda alemanes y una selecci\u00f3n de productos alemanes populares como Maggi-Fixe, salsas preparadas Thomy y Kn\u00f6del, entre otros.<\/p><p>Silke y Danny esperan con gusto su visita a la tienda Neumann&#8217;s Pescado Alem\u00e1n y Especialidades en Calahonda.<\/p>\t\t\t\t\t\t\t\t<\/div>\n\t\t\t\t<\/div>\n\t\t\t\t\t<\/div>\n\t\t<\/div>\n\t\t\t\t\t<\/div>\n\t\t<\/section>\n\t\t\t\t\t<\/div>\n\t\t<\/div>\n\t\t\t\t\t<\/div>\n\t\t<\/section>\n\t\t\t\t<\/div>\n\t\t","protected":false},"excerpt":{"rendered":"<p>SOBRE NOSOTROS Silke y Danny Neumann Silke y Danny Neumann son los propietarios de la tienda delicatessen Neumann&#8217;s Pescado Alem\u00e1n y Especialidades en Calahonda. Ambos cuentan con a\u00f1os de experiencia en la hosteler\u00eda tanto a nivel nacional como internacional. Los Neumann ponen un \u00e9nfasis especial en la frescura y la calidad, derivados de la pasi\u00f3n [&hellip;]<\/p>\n","protected":false},"author":1,"featured_media":594,"parent":0,"menu_order":0,"comment_status":"closed","ping_status":"closed","template":"","meta":{"footnotes":""},"class_list":["post-614","page","type-page","status-publish","has-post-thumbnail","hentry"],"_links":{"self":[{"href":"https:\/\/neumanns.es\/es\/wp-json\/wp\/v2\/pages\/614","targetHints":{"allow":["GET"]}}],"collection":[{"href":"https:\/\/neumanns.es\/es\/wp-json\/wp\/v2\/pages"}],"about":[{"href":"https:\/\/neumanns.es\/es\/wp-json\/wp\/v2\/types\/page"}],"author":[{"embeddable":true,"href":"https:\/\/neumanns.es\/es\/wp-json\/wp\/v2\/users\/1"}],"replies":[{"embeddable":true,"href":"https:\/\/neumanns.es\/es\/wp-json\/wp\/v2\/comments?post=614"}],"version-history":[{"count":28,"href":"https:\/\/neumanns.es\/es\/wp-json\/wp\/v2\/pages\/614\/revisions"}],"predecessor-version":[{"id":1370,"href":"https:\/\/neumanns.es\/es\/wp-json\/wp\/v2\/pages\/614\/revisions\/1370"}],"wp:featuredmedia":[{"embeddable":true,"href":"https:\/\/neumanns.es\/es\/wp-json\/wp\/v2\/media\/594"}],"wp:attachment":[{"href":"https:\/\/neumanns.es\/es\/wp-json\/wp\/v2\/media?parent=614"}],"curies":[{"name":"wp","href":"https:\/\/api.w.org\/{rel}","templated":true}]}}