{"id":616,"date":"2023-11-16T20:23:07","date_gmt":"2023-11-16T19:23:07","guid":{"rendered":"https:\/\/neumanns.es\/embutidos\/"},"modified":"2024-09-15T19:32:40","modified_gmt":"2024-09-15T17:32:40","slug":"embutidos","status":"publish","type":"page","link":"https:\/\/neumanns.es\/es\/productos\/embutidos\/","title":{"rendered":"Embutidos"},"content":{"rendered":"\t\t<div data-elementor-type=\"wp-page\" data-elementor-id=\"616\" class=\"elementor elementor-616 elementor-367\" data-elementor-post-type=\"page\">\n\t\t\t\t\t\t<section class=\"elementor-section elementor-top-section elementor-element elementor-element-7d1a6850 elementor-section-height-min-height elementor-section-boxed elementor-section-height-default elementor-section-items-middle\" data-id=\"7d1a6850\" data-element_type=\"section\" data-e-type=\"section\" data-settings=\"{&quot;background_background&quot;:&quot;classic&quot;}\">\n\t\t\t\t\t\t\t<div class=\"elementor-background-overlay\"><\/div>\n\t\t\t\t\t\t\t<div class=\"elementor-container elementor-column-gap-default\">\n\t\t\t\t\t<div class=\"elementor-column elementor-col-100 elementor-top-column elementor-element elementor-element-1e51ec4c\" data-id=\"1e51ec4c\" data-element_type=\"column\" data-e-type=\"column\">\n\t\t\t<div class=\"elementor-widget-wrap elementor-element-populated\">\n\t\t\t\t\t\t<div class=\"elementor-element elementor-element-57f62b6 elementor-widget elementor-widget-heading\" data-id=\"57f62b6\" data-element_type=\"widget\" data-e-type=\"widget\" data-widget_type=\"heading.default\">\n\t\t\t\t<div class=\"elementor-widget-container\">\n\t\t\t\t\t<h2 class=\"elementor-heading-title elementor-size-default\">Embutidos<\/h2>\t\t\t\t<\/div>\n\t\t\t\t<\/div>\n\t\t\t\t\t<\/div>\n\t\t<\/div>\n\t\t\t\t\t<\/div>\n\t\t<\/section>\n\t\t\t\t<section class=\"elementor-section elementor-top-section elementor-element elementor-element-d4e0f20 elementor-section-boxed elementor-section-height-default elementor-section-height-default\" data-id=\"d4e0f20\" data-element_type=\"section\" data-e-type=\"section\">\n\t\t\t\t\t\t<div class=\"elementor-container elementor-column-gap-default\">\n\t\t\t\t\t<div class=\"elementor-column elementor-col-50 elementor-top-column elementor-element elementor-element-9f93cdb\" data-id=\"9f93cdb\" data-element_type=\"column\" data-e-type=\"column\">\n\t\t\t<div class=\"elementor-widget-wrap elementor-element-populated\">\n\t\t\t\t\t\t<div class=\"elementor-element elementor-element-6f673fa2 elementor-widget elementor-widget-heading\" data-id=\"6f673fa2\" data-element_type=\"widget\" data-e-type=\"widget\" data-widget_type=\"heading.default\">\n\t\t\t\t<div class=\"elementor-widget-container\">\n\t\t\t\t\t<h3 class=\"elementor-heading-title elementor-size-default\">Embutidos Alemanes y Comidas Caseras Alemanas listas para comer<\/h3>\t\t\t\t<\/div>\n\t\t\t\t<\/div>\n\t\t\t\t<div class=\"elementor-element elementor-element-13c50e36 elementor-icon-list--layout-inline elementor-list-item-link-full_width elementor-widget elementor-widget-icon-list\" data-id=\"13c50e36\" data-element_type=\"widget\" data-e-type=\"widget\" data-widget_type=\"icon-list.default\">\n\t\t\t\t<div class=\"elementor-widget-container\">\n\t\t\t\t\t\t\t<ul class=\"elementor-icon-list-items elementor-inline-items\">\n\t\t\t\t\t\t\t<li class=\"elementor-icon-list-item elementor-inline-item\">\n\t\t\t\t\t\t\t\t\t\t\t<a href=\"https:\/\/neumanns.es\/es\/productos\/\">\n\n\t\t\t\t\t\t\t\t\t\t\t\t<span class=\"elementor-icon-list-icon\">\n\t\t\t\t\t\t\t<i aria-hidden=\"true\" class=\"icon icon-folder\"><\/i>\t\t\t\t\t\t<\/span>\n\t\t\t\t\t\t\t\t\t\t<span class=\"elementor-icon-list-text\">Productos<\/span>\n\t\t\t\t\t\t\t\t\t\t\t<\/a>\n\t\t\t\t\t\t\t\t\t<\/li>\n\t\t\t\t\t\t<\/ul>\n\t\t\t\t\t\t<\/div>\n\t\t\t\t<\/div>\n\t\t\t\t<div class=\"elementor-element elementor-element-613db5ac elementor-widget elementor-widget-text-editor\" data-id=\"613db5ac\" data-element_type=\"widget\" data-e-type=\"widget\" data-widget_type=\"text-editor.default\">\n\t\t\t\t<div class=\"elementor-widget-container\">\n\t\t\t\t\t\t\t\t\t<p>La Charcuter\u00eda de Neumanns ofrece una amplia variedad de embutidos y platos caseros alemanes listos para servir. Obtenemos nuestros productos del carnicero alem\u00e1n ELITE de Casabermeja y de la prestigiosa carnicer\u00eda b\u00e1vara Vinzenzmurr.<\/p><p>Nuestros productos cumplen con los est\u00e1ndares m\u00e1s altos de frescura y calidad, y su sabor es verdaderamente excelente.<\/p>\t\t\t\t\t\t\t\t<\/div>\n\t\t\t\t<\/div>\n\t\t\t\t<div class=\"elementor-element elementor-element-c0ac39c elementor-widget elementor-widget-heading\" data-id=\"c0ac39c\" data-element_type=\"widget\" data-e-type=\"widget\" data-widget_type=\"heading.default\">\n\t\t\t\t<div class=\"elementor-widget-container\">\n\t\t\t\t\t<h5 class=\"elementor-heading-title elementor-size-default\">La variedad gourmet en el mostrador de salchichas Neumann:<\/h5>\t\t\t\t<\/div>\n\t\t\t\t<\/div>\n\t\t\t\t<div class=\"elementor-element elementor-element-fb3f89a elementor-widget-divider--view-line elementor-widget elementor-widget-divider\" data-id=\"fb3f89a\" data-element_type=\"widget\" data-e-type=\"widget\" data-widget_type=\"divider.default\">\n\t\t\t\t<div class=\"elementor-widget-container\">\n\t\t\t\t\t\t\t<div class=\"elementor-divider\">\n\t\t\t<span class=\"elementor-divider-separator\">\n\t\t\t\t\t\t<\/span>\n\t\t<\/div>\n\t\t\t\t\t\t<\/div>\n\t\t\t\t<\/div>\n\t\t\t\t<div class=\"elementor-element elementor-element-5276964 elementor-widget elementor-widget-heading\" data-id=\"5276964\" data-element_type=\"widget\" data-e-type=\"widget\" data-widget_type=\"heading.default\">\n\t\t\t\t<div class=\"elementor-widget-container\">\n\t\t\t\t\t<h6 class=\"elementor-heading-title elementor-size-default\">De ELITE de Casabermeja<\/h6>\t\t\t\t<\/div>\n\t\t\t\t<\/div>\n\t\t\t\t<div class=\"elementor-element elementor-element-34a5de3e check-style elementor-widget elementor-widget-text-editor\" data-id=\"34a5de3e\" data-element_type=\"widget\" data-e-type=\"widget\" data-widget_type=\"text-editor.default\">\n\t\t\t\t<div class=\"elementor-widget-container\">\n\t\t\t\t\t\t\t\t\t<ul class=\"check-style\"><li>Morcilla de h\u00edgado de Palatinado<\/li><li>Morcilla de sangre de Palatinado<\/li><li>Morcilla de lengua<\/li><li>Salchicha de Lyon<\/li><li>Jam\u00f3n de cerveza<\/li><li>Gelatina agria<\/li><li>Salchicha Cracovia<\/li><li>Salchicha de carne<\/li><li>Salchicha ahumada<\/li><li>Salchicha Cabanos<\/li><li>Salchicha de pimiento<\/li><li>Salchicha cruda encebollada<\/li><li>Pastel de h\u00edgado fino o con Jalape\u00f1os<\/li><li>Bratwurst fino<\/li><li>Salchicha de Thuringia<\/li><li>Salchichas frescas<\/li><li>Salchicha de ternera<\/li><li>Lomo de cerdo ahumado<\/li><li>Pechuga de pavo ahumada<\/li><li>\u00abSchwartenmagen\u00bb<\/li><\/ul>\t\t\t\t\t\t\t\t<\/div>\n\t\t\t\t<\/div>\n\t\t\t\t<div class=\"elementor-element elementor-element-5b028ef elementor-widget-divider--view-line elementor-widget elementor-widget-divider\" data-id=\"5b028ef\" data-element_type=\"widget\" data-e-type=\"widget\" data-widget_type=\"divider.default\">\n\t\t\t\t<div class=\"elementor-widget-container\">\n\t\t\t\t\t\t\t<div class=\"elementor-divider\">\n\t\t\t<span class=\"elementor-divider-separator\">\n\t\t\t\t\t\t<\/span>\n\t\t<\/div>\n\t\t\t\t\t\t<\/div>\n\t\t\t\t<\/div>\n\t\t\t\t<div class=\"elementor-element elementor-element-736adea elementor-widget elementor-widget-heading\" data-id=\"736adea\" data-element_type=\"widget\" data-e-type=\"widget\" data-widget_type=\"heading.default\">\n\t\t\t\t<div class=\"elementor-widget-container\">\n\t\t\t\t\t<h6 class=\"elementor-heading-title elementor-size-default\">Desde Vinzenzmurr en M\u00fanich<\/h6>\t\t\t\t<\/div>\n\t\t\t\t<\/div>\n\t\t\t\t<div class=\"elementor-element elementor-element-bc05b22 check-style elementor-widget elementor-widget-text-editor\" data-id=\"bc05b22\" data-element_type=\"widget\" data-e-type=\"widget\" data-widget_type=\"text-editor.default\">\n\t\t\t\t<div class=\"elementor-widget-container\">\n\t\t\t\t\t\t\t\t\t<ul class=\"check-style\"><li>Salchicha blanca<\/li><li>Salchicha vienesa<\/li><li>Jam\u00f3n de enebro<\/li><li>Salchicha amarilla<\/li><li>Salami de ternera<\/li><li>Salami cocido tirol\u00e9s<\/li><li>Salami h\u00fangara<\/li><li>Salami de pimienta<\/li><li>Salchicha de h\u00edgado de ternera<\/li><li>Salchicha rellena de queso<\/li><li>Salchicha de cazador<\/li><li>Queso biol\u00f3gico \u00abAndechser\u00bb<\/li><\/ul>\t\t\t\t\t\t\t\t<\/div>\n\t\t\t\t<\/div>\n\t\t\t\t<div class=\"elementor-element elementor-element-39db659 check-style elementor-widget elementor-widget-text-editor\" data-id=\"39db659\" data-element_type=\"widget\" data-e-type=\"widget\" data-widget_type=\"text-editor.default\">\n\t\t\t\t<div class=\"elementor-widget-container\">\n\t\t\t\t\t\t\t\t\t<ul class=\"check-style\"><li>Rollitos de ternera en salsa<\/li><li>Gulasch en salsa<\/li><li>Asado agrio en salsa<\/li><\/ul>\t\t\t\t\t\t\t\t<\/div>\n\t\t\t\t<\/div>\n\t\t\t\t<div class=\"elementor-element elementor-element-4d162a7 elementor-widget-divider--view-line elementor-widget elementor-widget-divider\" data-id=\"4d162a7\" data-element_type=\"widget\" data-e-type=\"widget\" data-widget_type=\"divider.default\">\n\t\t\t\t<div class=\"elementor-widget-container\">\n\t\t\t\t\t\t\t<div class=\"elementor-divider\">\n\t\t\t<span class=\"elementor-divider-separator\">\n\t\t\t\t\t\t<\/span>\n\t\t<\/div>\n\t\t\t\t\t\t<\/div>\n\t\t\t\t<\/div>\n\t\t\t\t<div class=\"elementor-element elementor-element-b4f860b elementor-icon-list--layout-traditional elementor-list-item-link-full_width elementor-widget elementor-widget-icon-list\" data-id=\"b4f860b\" data-element_type=\"widget\" data-e-type=\"widget\" data-widget_type=\"icon-list.default\">\n\t\t\t\t<div class=\"elementor-widget-container\">\n\t\t\t\t\t\t\t<ul class=\"elementor-icon-list-items\">\n\t\t\t\t\t\t\t<li class=\"elementor-icon-list-item\">\n\t\t\t\t\t\t\t\t\t\t\t<a href=\"tel:+34699120455\" target=\"_blank\">\n\n\t\t\t\t\t\t\t\t\t\t\t\t<span class=\"elementor-icon-list-icon\">\n\t\t\t\t\t\t\t<i aria-hidden=\"true\" class=\"icon icon-buying-on-smartphone\"><\/i>\t\t\t\t\t\t<\/span>\n\t\t\t\t\t\t\t\t\t\t<span class=\"elementor-icon-list-text\">La disponibilidad de nuestros productos var\u00eda seg\u00fan la demanda. Para obtener informaci\u00f3n detallada, llame al +34 699 120 455<\/span>\n\t\t\t\t\t\t\t\t\t\t\t<\/a>\n\t\t\t\t\t\t\t\t\t<\/li>\n\t\t\t\t\t\t<\/ul>\n\t\t\t\t\t\t<\/div>\n\t\t\t\t<\/div>\n\t\t\t\t\t<\/div>\n\t\t<\/div>\n\t\t\t\t<div class=\"elementor-column elementor-col-50 elementor-top-column elementor-element elementor-element-7530f36e\" data-id=\"7530f36e\" data-element_type=\"column\" data-e-type=\"column\">\n\t\t\t<div class=\"elementor-widget-wrap\">\n\t\t\t\t\t\t\t<\/div>\n\t\t<\/div>\n\t\t\t\t\t<\/div>\n\t\t<\/section>\n\t\t\t\t<\/div>\n\t\t","protected":false},"excerpt":{"rendered":"<p>Embutidos Alemanes y Comidas Caseras Alemanas listas para comer Productos La Charcuter\u00eda de Neumanns ofrece una amplia variedad de embutidos y platos caseros alemanes listos para servir. Obtenemos nuestros productos del carnicero alem\u00e1n ELITE de Casabermeja y de la prestigiosa carnicer\u00eda b\u00e1vara Vinzenzmurr. Nuestros productos cumplen con los est\u00e1ndares m\u00e1s altos de frescura y calidad, [&hellip;]<\/p>\n","protected":false},"author":1,"featured_media":603,"parent":631,"menu_order":0,"comment_status":"closed","ping_status":"closed","template":"","meta":{"footnotes":""},"class_list":["post-616","page","type-page","status-publish","has-post-thumbnail","hentry"],"_links":{"self":[{"href":"https:\/\/neumanns.es\/es\/wp-json\/wp\/v2\/pages\/616","targetHints":{"allow":["GET"]}}],"collection":[{"href":"https:\/\/neumanns.es\/es\/wp-json\/wp\/v2\/pages"}],"about":[{"href":"https:\/\/neumanns.es\/es\/wp-json\/wp\/v2\/types\/page"}],"author":[{"embeddable":true,"href":"https:\/\/neumanns.es\/es\/wp-json\/wp\/v2\/users\/1"}],"replies":[{"embeddable":true,"href":"https:\/\/neumanns.es\/es\/wp-json\/wp\/v2\/comments?post=616"}],"version-history":[{"count":27,"href":"https:\/\/neumanns.es\/es\/wp-json\/wp\/v2\/pages\/616\/revisions"}],"predecessor-version":[{"id":1265,"href":"https:\/\/neumanns.es\/es\/wp-json\/wp\/v2\/pages\/616\/revisions\/1265"}],"up":[{"embeddable":true,"href":"https:\/\/neumanns.es\/es\/wp-json\/wp\/v2\/pages\/631"}],"wp:featuredmedia":[{"embeddable":true,"href":"https:\/\/neumanns.es\/es\/wp-json\/wp\/v2\/media\/603"}],"wp:attachment":[{"href":"https:\/\/neumanns.es\/es\/wp-json\/wp\/v2\/media?parent=616"}],"curies":[{"name":"wp","href":"https:\/\/api.w.org\/{rel}","templated":true}]}}