{"id":620,"date":"2023-11-16T09:58:24","date_gmt":"2023-11-16T08:58:24","guid":{"rendered":"https:\/\/neumanns.es\/ensaladas-de-pescado\/"},"modified":"2024-09-14T12:40:00","modified_gmt":"2024-09-14T10:40:00","slug":"ensaladas-de-pescado","status":"publish","type":"page","link":"https:\/\/neumanns.es\/es\/productos\/ensaladas-de-pescado\/","title":{"rendered":"Ensaladas de pescado"},"content":{"rendered":"\t\t<div data-elementor-type=\"wp-page\" data-elementor-id=\"620\" class=\"elementor elementor-620 elementor-347\" data-elementor-post-type=\"page\">\n\t\t\t\t\t\t<section class=\"elementor-section elementor-top-section elementor-element elementor-element-7d1a6850 elementor-section-height-min-height elementor-section-boxed elementor-section-height-default elementor-section-items-middle\" data-id=\"7d1a6850\" data-element_type=\"section\" data-e-type=\"section\" data-settings=\"{&quot;background_background&quot;:&quot;classic&quot;}\">\n\t\t\t\t\t\t\t<div class=\"elementor-background-overlay\"><\/div>\n\t\t\t\t\t\t\t<div class=\"elementor-container elementor-column-gap-default\">\n\t\t\t\t\t<div class=\"elementor-column elementor-col-100 elementor-top-column elementor-element elementor-element-1e51ec4c\" data-id=\"1e51ec4c\" data-element_type=\"column\" data-e-type=\"column\">\n\t\t\t<div class=\"elementor-widget-wrap elementor-element-populated\">\n\t\t\t\t\t\t<div class=\"elementor-element elementor-element-57f62b6 elementor-widget elementor-widget-heading\" data-id=\"57f62b6\" data-element_type=\"widget\" data-e-type=\"widget\" data-widget_type=\"heading.default\">\n\t\t\t\t<div class=\"elementor-widget-container\">\n\t\t\t\t\t<h2 class=\"elementor-heading-title elementor-size-default\">Ensaladas de pescado<\/h2>\t\t\t\t<\/div>\n\t\t\t\t<\/div>\n\t\t\t\t\t<\/div>\n\t\t<\/div>\n\t\t\t\t\t<\/div>\n\t\t<\/section>\n\t\t\t\t<section class=\"elementor-section elementor-top-section elementor-element elementor-element-d4e0f20 elementor-section-boxed elementor-section-height-default elementor-section-height-default\" data-id=\"d4e0f20\" data-element_type=\"section\" data-e-type=\"section\">\n\t\t\t\t\t\t<div class=\"elementor-container elementor-column-gap-default\">\n\t\t\t\t\t<div class=\"elementor-column elementor-col-50 elementor-top-column elementor-element elementor-element-9f93cdb\" data-id=\"9f93cdb\" data-element_type=\"column\" data-e-type=\"column\">\n\t\t\t<div class=\"elementor-widget-wrap elementor-element-populated\">\n\t\t\t\t\t\t<div class=\"elementor-element elementor-element-6f673fa2 elementor-widget elementor-widget-heading\" data-id=\"6f673fa2\" data-element_type=\"widget\" data-e-type=\"widget\" data-widget_type=\"heading.default\">\n\t\t\t\t<div class=\"elementor-widget-container\">\n\t\t\t\t\t<h3 class=\"elementor-heading-title elementor-size-default\">Ensaladas y delicatessen de pescado de Hamburgo<\/h3>\t\t\t\t<\/div>\n\t\t\t\t<\/div>\n\t\t\t\t<div class=\"elementor-element elementor-element-13c50e36 elementor-icon-list--layout-inline elementor-list-item-link-full_width elementor-widget elementor-widget-icon-list\" data-id=\"13c50e36\" data-element_type=\"widget\" data-e-type=\"widget\" data-widget_type=\"icon-list.default\">\n\t\t\t\t<div class=\"elementor-widget-container\">\n\t\t\t\t\t\t\t<ul class=\"elementor-icon-list-items elementor-inline-items\">\n\t\t\t\t\t\t\t<li class=\"elementor-icon-list-item elementor-inline-item\">\n\t\t\t\t\t\t\t\t\t\t\t<a href=\"https:\/\/neumanns.es\/es\/productos\/\">\n\n\t\t\t\t\t\t\t\t\t\t\t\t<span class=\"elementor-icon-list-icon\">\n\t\t\t\t\t\t\t<i aria-hidden=\"true\" class=\"icon icon-folder\"><\/i>\t\t\t\t\t\t<\/span>\n\t\t\t\t\t\t\t\t\t\t<span class=\"elementor-icon-list-text\">Productos<\/span>\n\t\t\t\t\t\t\t\t\t\t\t<\/a>\n\t\t\t\t\t\t\t\t\t<\/li>\n\t\t\t\t\t\t<\/ul>\n\t\t\t\t\t\t<\/div>\n\t\t\t\t<\/div>\n\t\t\t\t<div class=\"elementor-element elementor-element-613db5ac elementor-widget elementor-widget-text-editor\" data-id=\"613db5ac\" data-element_type=\"widget\" data-e-type=\"widget\" data-widget_type=\"text-editor.default\">\n\t\t\t\t<div class=\"elementor-widget-container\">\n\t\t\t\t\t\t\t\t\t<p>\u00bfQu\u00e9 tal una deliciosa ensalada de pescado con papas cocidas o con un pan crujiente? Simplemente delicioso, \u00bfverdad?<\/p><p>En nuestra selecci\u00f3n, ofrecemos una variedad de ensaladas de pescado y otras delicatessen de pescado, todas suministradas frescas por Werner Lauenroth desde Hamburgo.<\/p>\t\t\t\t\t\t\t\t<\/div>\n\t\t\t\t<\/div>\n\t\t\t\t<div class=\"elementor-element elementor-element-c0ac39c elementor-widget elementor-widget-heading\" data-id=\"c0ac39c\" data-element_type=\"widget\" data-e-type=\"widget\" data-widget_type=\"heading.default\">\n\t\t\t\t<div class=\"elementor-widget-container\">\n\t\t\t\t\t<h5 class=\"elementor-heading-title elementor-size-default\">Nuestra gama de ensaladas y delicias de pescado le abrir\u00e1 el apetito:<\/h5>\t\t\t\t<\/div>\n\t\t\t\t<\/div>\n\t\t\t\t<div class=\"elementor-element elementor-element-fb3f89a elementor-widget-divider--view-line elementor-widget elementor-widget-divider\" data-id=\"fb3f89a\" data-element_type=\"widget\" data-e-type=\"widget\" data-widget_type=\"divider.default\">\n\t\t\t\t<div class=\"elementor-widget-container\">\n\t\t\t\t\t\t\t<div class=\"elementor-divider\">\n\t\t\t<span class=\"elementor-divider-separator\">\n\t\t\t\t\t\t<\/span>\n\t\t<\/div>\n\t\t\t\t\t\t<\/div>\n\t\t\t\t<\/div>\n\t\t\t\t<div class=\"elementor-element elementor-element-5276964 elementor-widget elementor-widget-heading\" data-id=\"5276964\" data-element_type=\"widget\" data-e-type=\"widget\" data-widget_type=\"heading.default\">\n\t\t\t\t<div class=\"elementor-widget-container\">\n\t\t\t\t\t<h6 class=\"elementor-heading-title elementor-size-default\">Ensaladas de pescado<\/h6>\t\t\t\t<\/div>\n\t\t\t\t<\/div>\n\t\t\t\t<div class=\"elementor-element elementor-element-34a5de3e check-style elementor-widget elementor-widget-text-editor\" data-id=\"34a5de3e\" data-element_type=\"widget\" data-e-type=\"widget\" data-widget_type=\"text-editor.default\">\n\t\t\t\t<div class=\"elementor-widget-container\">\n\t\t\t\t\t\t\t\t\t<ul class=\"check-style\"><li>Ensalada de arenque de Hamburgo<\/li><li>Ensalada roja de arenque<\/li><li>Ensalada de arenque con crema de eneldo<\/li><li>Arenque costero cl\u00e1sico<\/li><li>C\u00f3ctel Sherry Matjes<\/li><li>Arenque en crema de curry<\/li><li>C\u00f3ctel de gambas<\/li><\/ul>\t\t\t\t\t\t\t\t<\/div>\n\t\t\t\t<\/div>\n\t\t\t\t<div class=\"elementor-element elementor-element-5b028ef elementor-widget-divider--view-line elementor-widget elementor-widget-divider\" data-id=\"5b028ef\" data-element_type=\"widget\" data-e-type=\"widget\" data-widget_type=\"divider.default\">\n\t\t\t\t<div class=\"elementor-widget-container\">\n\t\t\t\t\t\t\t<div class=\"elementor-divider\">\n\t\t\t<span class=\"elementor-divider-separator\">\n\t\t\t\t\t\t<\/span>\n\t\t<\/div>\n\t\t\t\t\t\t<\/div>\n\t\t\t\t<\/div>\n\t\t\t\t<div class=\"elementor-element elementor-element-736adea elementor-widget elementor-widget-heading\" data-id=\"736adea\" data-element_type=\"widget\" data-e-type=\"widget\" data-widget_type=\"heading.default\">\n\t\t\t\t<div class=\"elementor-widget-container\">\n\t\t\t\t\t<h6 class=\"elementor-heading-title elementor-size-default\">Delicatessen de pescado<\/h6>\t\t\t\t<\/div>\n\t\t\t\t<\/div>\n\t\t\t\t<div class=\"elementor-element elementor-element-bc05b22 check-style elementor-widget elementor-widget-text-editor\" data-id=\"bc05b22\" data-element_type=\"widget\" data-e-type=\"widget\" data-widget_type=\"text-editor.default\">\n\t\t\t\t<div class=\"elementor-widget-container\">\n\t\t\t\t\t\t\t\t\t<ul class=\"check-style\"><li>Filetes de arenque ahumados<\/li><li>Arenque de Bismarck cl\u00e1sico<\/li><li>Filetes de arenque al jerez<\/li><li>Arenque en gelatina<\/li><li>Arenques fritos en salsa<\/li><\/ul>\t\t\t\t\t\t\t\t<\/div>\n\t\t\t\t<\/div>\n\t\t\t\t<div class=\"elementor-element elementor-element-957ed28 elementor-widget-divider--view-line elementor-widget elementor-widget-divider\" data-id=\"957ed28\" data-element_type=\"widget\" data-e-type=\"widget\" data-widget_type=\"divider.default\">\n\t\t\t\t<div class=\"elementor-widget-container\">\n\t\t\t\t\t\t\t<div class=\"elementor-divider\">\n\t\t\t<span class=\"elementor-divider-separator\">\n\t\t\t\t\t\t<\/span>\n\t\t<\/div>\n\t\t\t\t\t\t<\/div>\n\t\t\t\t<\/div>\n\t\t\t\t<div class=\"elementor-element elementor-element-64f0ae5 elementor-icon-list--layout-traditional elementor-list-item-link-full_width elementor-widget elementor-widget-icon-list\" data-id=\"64f0ae5\" data-element_type=\"widget\" data-e-type=\"widget\" data-widget_type=\"icon-list.default\">\n\t\t\t\t<div class=\"elementor-widget-container\">\n\t\t\t\t\t\t\t<ul class=\"elementor-icon-list-items\">\n\t\t\t\t\t\t\t<li class=\"elementor-icon-list-item\">\n\t\t\t\t\t\t\t\t\t\t\t<a href=\"tel:+34699120455\" target=\"_blank\">\n\n\t\t\t\t\t\t\t\t\t\t\t\t<span class=\"elementor-icon-list-icon\">\n\t\t\t\t\t\t\t<i aria-hidden=\"true\" class=\"icon icon-buying-on-smartphone\"><\/i>\t\t\t\t\t\t<\/span>\n\t\t\t\t\t\t\t\t\t\t<span class=\"elementor-icon-list-text\">Otras ensaladas de pescado seg\u00fan temporada y por encargo. La disponibilidad de nuestros productos var\u00eda seg\u00fan la demanda. Para obtener informaci\u00f3n detallada, llame al +34 699 120 455<\/span>\n\t\t\t\t\t\t\t\t\t\t\t<\/a>\n\t\t\t\t\t\t\t\t\t<\/li>\n\t\t\t\t\t\t<\/ul>\n\t\t\t\t\t\t<\/div>\n\t\t\t\t<\/div>\n\t\t\t\t\t<\/div>\n\t\t<\/div>\n\t\t\t\t<div class=\"elementor-column elementor-col-50 elementor-top-column elementor-element elementor-element-7530f36e\" data-id=\"7530f36e\" data-element_type=\"column\" data-e-type=\"column\">\n\t\t\t<div class=\"elementor-widget-wrap\">\n\t\t\t\t\t\t\t<\/div>\n\t\t<\/div>\n\t\t\t\t\t<\/div>\n\t\t<\/section>\n\t\t\t\t<\/div>\n\t\t","protected":false},"excerpt":{"rendered":"<p>Ensaladas y delicatessen de pescado de Hamburgo Productos \u00bfQu\u00e9 tal una deliciosa ensalada de pescado con papas cocidas o con un pan crujiente? Simplemente delicioso, \u00bfverdad? En nuestra selecci\u00f3n, ofrecemos una variedad de ensaladas de pescado y otras delicatessen de pescado, todas suministradas frescas por Werner Lauenroth desde Hamburgo. Nuestra gama de ensaladas y delicias [&hellip;]<\/p>\n","protected":false},"author":1,"featured_media":602,"parent":631,"menu_order":0,"comment_status":"closed","ping_status":"closed","template":"","meta":{"footnotes":""},"class_list":["post-620","page","type-page","status-publish","has-post-thumbnail","hentry"],"_links":{"self":[{"href":"https:\/\/neumanns.es\/es\/wp-json\/wp\/v2\/pages\/620","targetHints":{"allow":["GET"]}}],"collection":[{"href":"https:\/\/neumanns.es\/es\/wp-json\/wp\/v2\/pages"}],"about":[{"href":"https:\/\/neumanns.es\/es\/wp-json\/wp\/v2\/types\/page"}],"author":[{"embeddable":true,"href":"https:\/\/neumanns.es\/es\/wp-json\/wp\/v2\/users\/1"}],"replies":[{"embeddable":true,"href":"https:\/\/neumanns.es\/es\/wp-json\/wp\/v2\/comments?post=620"}],"version-history":[{"count":24,"href":"https:\/\/neumanns.es\/es\/wp-json\/wp\/v2\/pages\/620\/revisions"}],"predecessor-version":[{"id":1236,"href":"https:\/\/neumanns.es\/es\/wp-json\/wp\/v2\/pages\/620\/revisions\/1236"}],"up":[{"embeddable":true,"href":"https:\/\/neumanns.es\/es\/wp-json\/wp\/v2\/pages\/631"}],"wp:featuredmedia":[{"embeddable":true,"href":"https:\/\/neumanns.es\/es\/wp-json\/wp\/v2\/media\/602"}],"wp:attachment":[{"href":"https:\/\/neumanns.es\/es\/wp-json\/wp\/v2\/media?parent=620"}],"curies":[{"name":"wp","href":"https:\/\/api.w.org\/{rel}","templated":true}]}}